{"id":3276,"date":"2025-12-19T14:05:10","date_gmt":"2025-12-19T14:05:10","guid":{"rendered":"http:\/\/kroever-berg.com\/?page_id=3276"},"modified":"2026-03-16T09:35:23","modified_gmt":"2026-03-16T09:35:23","slug":"plattegrond","status":"publish","type":"page","link":"https:\/\/kroever-berg.com\/nl\/camping\/plattegrond\/","title":{"rendered":"Plattegrond"},"content":{"rendered":"\n<h1 class=\"wp-block-heading\">Plattegrond<\/h1>\n\n\n        <figure class=\"wp-block-image\">\n            <a href=\"https:\/\/kroever-berg.com\/wp-content\/uploads\/2026\/01\/Moezel-tweetalig_DE.pdf\" target=\"_blank\">\n                <img width=\"1600\" height=\"1131\" loading=\"lazy\" decoding=\"async\" \n                     src=\"https:\/\/kroever-berg.com\/wp-content\/uploads\/2026\/01\/Moezel-camping-tweetalig_DE-1600x1131.jpg\" \n                     alt=\"\" \n                     class=\"wp-image-4434\"\n                     srcset=\"https:\/\/kroever-berg.com\/wp-content\/uploads\/2026\/01\/Moezel-camping-tweetalig_DE-1600x1131.jpg 1600w, https:\/\/kroever-berg.com\/wp-content\/uploads\/2026\/01\/Moezel-camping-tweetalig_DE-750x530.jpg 750w, https:\/\/kroever-berg.com\/wp-content\/uploads\/2026\/01\/Moezel-camping-tweetalig_DE-768x543.jpg 768w, https:\/\/kroever-berg.com\/wp-content\/uploads\/2026\/01\/Moezel-camping-tweetalig_DE-1536x1086.jpg 1536w, https:\/\/kroever-berg.com\/wp-content\/uploads\/2026\/01\/Moezel-camping-tweetalig_DE-2048x1448.jpg 2048w\">\n            <\/a>\n        <\/figure>\n        ","protected":false},"excerpt":{"rendered":"<p>Plattegrond<\/p>\n","protected":false},"author":2,"featured_media":0,"parent":2872,"menu_order":0,"comment_status":"closed","ping_status":"closed","template":"","meta":{"_acf_changed":false,"footnotes":""},"class_list":["post-3276","page","type-page","status-publish","hentry"],"acf":[],"yoast_head":"<!-- This site is optimized with the Yoast SEO plugin v27.4 - https:\/\/yoast.com\/product\/yoast-seo-wordpress\/ -->\n<title>Plattegrond camping Kr\u00f6ver Berg | Moselcamping Kr\u00f6ver Berg<\/title>\n<meta name=\"description\" content=\"Bekijk de plattegrond van camping Kr\u00f6ver Berg en krijg direct inzicht in de staanplaatsen, ligging en mogelijkheden op de camping.\" \/>\n<meta name=\"robots\" content=\"index, follow, max-snippet:-1, max-image-preview:large, max-video-preview:-1\" \/>\n<link rel=\"canonical\" href=\"https:\/\/kroever-berg.com\/nl\/camping\/plattegrond\/\" \/>\n<meta property=\"og:locale\" content=\"nl_NL\" \/>\n<meta property=\"og:type\" content=\"article\" \/>\n<meta property=\"og:title\" content=\"Plattegrond camping Kr\u00f6ver Berg | Moselcamping Kr\u00f6ver Berg\" \/>\n<meta property=\"og:description\" content=\"Bekijk de plattegrond van camping Kr\u00f6ver Berg en krijg direct inzicht in de staanplaatsen, ligging en mogelijkheden op de camping.\" \/>\n<meta property=\"og:url\" content=\"https:\/\/kroever-berg.com\/nl\/camping\/plattegrond\/\" \/>\n<meta property=\"og:site_name\" content=\"Moselcamping Kr\u00f6ver Berg\" \/>\n<meta property=\"article:publisher\" content=\"https:\/\/www.facebook.com\/groups\/777740929550045\/\" \/>\n<meta property=\"article:modified_time\" content=\"2026-03-16T09:35:23+00:00\" \/>\n<meta property=\"og:image\" content=\"https:\/\/kroever-berg.com\/wp-content\/uploads\/2026\/01\/moselschleife-bremm-uitzicht.png\" \/>\n\t<meta property=\"og:image:width\" content=\"1536\" \/>\n\t<meta property=\"og:image:height\" content=\"1024\" \/>\n\t<meta property=\"og:image:type\" content=\"image\/png\" \/>\n<meta name=\"twitter:card\" content=\"summary_large_image\" \/>\n<meta name=\"twitter:label1\" content=\"Geschatte leestijd\" \/>\n\t<meta name=\"twitter:data1\" content=\"1 minuut\" \/>\n<script type=\"application\/ld+json\" class=\"yoast-schema-graph\">{\"@context\":\"https:\\\/\\\/schema.org\",\"@graph\":[{\"@type\":\"WebPage\",\"@id\":\"https:\\\/\\\/kroever-berg.com\\\/nl\\\/camping\\\/plattegrond\\\/\",\"url\":\"https:\\\/\\\/kroever-berg.com\\\/nl\\\/camping\\\/plattegrond\\\/\",\"name\":\"Plattegrond camping Kr\u00f6ver Berg | Moselcamping Kr\u00f6ver Berg\",\"isPartOf\":{\"@id\":\"https:\\\/\\\/kroever-berg.com\\\/nl\\\/#website\"},\"datePublished\":\"2025-12-19T14:05:10+00:00\",\"dateModified\":\"2026-03-16T09:35:23+00:00\",\"description\":\"Bekijk de plattegrond van camping Kr\u00f6ver Berg en krijg direct inzicht in de staanplaatsen, ligging en mogelijkheden op de camping.\",\"breadcrumb\":{\"@id\":\"https:\\\/\\\/kroever-berg.com\\\/nl\\\/camping\\\/plattegrond\\\/#breadcrumb\"},\"inLanguage\":\"nl-NL\",\"potentialAction\":[{\"@type\":\"ReadAction\",\"target\":[\"https:\\\/\\\/kroever-berg.com\\\/nl\\\/camping\\\/plattegrond\\\/\"]}]},{\"@type\":\"BreadcrumbList\",\"@id\":\"https:\\\/\\\/kroever-berg.com\\\/nl\\\/camping\\\/plattegrond\\\/#breadcrumb\",\"itemListElement\":[{\"@type\":\"ListItem\",\"position\":1,\"name\":\"Home\",\"item\":\"https:\\\/\\\/kroever-berg.com\\\/nl\\\/\"},{\"@type\":\"ListItem\",\"position\":2,\"name\":\"Camping\",\"item\":\"https:\\\/\\\/kroever-berg.com\\\/nl\\\/camping\\\/\"},{\"@type\":\"ListItem\",\"position\":3,\"name\":\"Plattegrond\"}]},{\"@type\":\"WebSite\",\"@id\":\"https:\\\/\\\/kroever-berg.com\\\/nl\\\/#website\",\"url\":\"https:\\\/\\\/kroever-berg.com\\\/nl\\\/\",\"name\":\"Moselcamping Kr\u00f6ver Berg\",\"description\":\"Moselcamping Kr\u00f6ver Berg\",\"publisher\":{\"@id\":\"https:\\\/\\\/kroever-berg.com\\\/nl\\\/#organization\"},\"potentialAction\":[{\"@type\":\"SearchAction\",\"target\":{\"@type\":\"EntryPoint\",\"urlTemplate\":\"https:\\\/\\\/kroever-berg.com\\\/nl\\\/?s={search_term_string}\"},\"query-input\":{\"@type\":\"PropertyValueSpecification\",\"valueRequired\":true,\"valueName\":\"search_term_string\"}}],\"inLanguage\":\"nl-NL\"},{\"@type\":\"Organization\",\"@id\":\"https:\\\/\\\/kroever-berg.com\\\/nl\\\/#organization\",\"name\":\"Moselcamping Kr\u00f6ver Berg\",\"url\":\"https:\\\/\\\/kroever-berg.com\\\/nl\\\/\",\"logo\":{\"@type\":\"ImageObject\",\"inLanguage\":\"nl-NL\",\"@id\":\"https:\\\/\\\/kroever-berg.com\\\/nl\\\/#\\\/schema\\\/logo\\\/image\\\/\",\"url\":\"https:\\\/\\\/kroever-berg.com\\\/wp-content\\\/uploads\\\/2025\\\/06\\\/cropped-beeldmerk.png\",\"contentUrl\":\"https:\\\/\\\/kroever-berg.com\\\/wp-content\\\/uploads\\\/2025\\\/06\\\/cropped-beeldmerk.png\",\"width\":512,\"height\":512,\"caption\":\"Moselcamping Kr\u00f6ver Berg\"},\"image\":{\"@id\":\"https:\\\/\\\/kroever-berg.com\\\/nl\\\/#\\\/schema\\\/logo\\\/image\\\/\"},\"sameAs\":[\"https:\\\/\\\/www.facebook.com\\\/groups\\\/777740929550045\\\/\"]}]}<\/script>\n<!-- \/ Yoast SEO plugin. -->","yoast_head_json":{"title":"Plattegrond camping Kr\u00f6ver Berg | Moselcamping Kr\u00f6ver Berg","description":"Bekijk de plattegrond van camping Kr\u00f6ver Berg en krijg direct inzicht in de staanplaatsen, ligging en mogelijkheden op de camping.","robots":{"index":"index","follow":"follow","max-snippet":"max-snippet:-1","max-image-preview":"max-image-preview:large","max-video-preview":"max-video-preview:-1"},"canonical":"https:\/\/kroever-berg.com\/nl\/camping\/plattegrond\/","og_locale":"nl_NL","og_type":"article","og_title":"Plattegrond camping Kr\u00f6ver Berg | Moselcamping Kr\u00f6ver Berg","og_description":"Bekijk de plattegrond van camping Kr\u00f6ver Berg en krijg direct inzicht in de staanplaatsen, ligging en mogelijkheden op de camping.","og_url":"https:\/\/kroever-berg.com\/nl\/camping\/plattegrond\/","og_site_name":"Moselcamping Kr\u00f6ver Berg","article_publisher":"https:\/\/www.facebook.com\/groups\/777740929550045\/","article_modified_time":"2026-03-16T09:35:23+00:00","og_image":[{"url":"https:\/\/kroever-berg.com\/wp-content\/uploads\/2026\/01\/moselschleife-bremm-uitzicht.png","width":1536,"height":1024,"type":"image\/png"}],"twitter_card":"summary_large_image","twitter_misc":{"Geschatte leestijd":"1 minuut"},"schema":{"@context":"https:\/\/schema.org","@graph":[{"@type":"WebPage","@id":"https:\/\/kroever-berg.com\/nl\/camping\/plattegrond\/","url":"https:\/\/kroever-berg.com\/nl\/camping\/plattegrond\/","name":"Plattegrond camping Kr\u00f6ver Berg | Moselcamping Kr\u00f6ver Berg","isPartOf":{"@id":"https:\/\/kroever-berg.com\/nl\/#website"},"datePublished":"2025-12-19T14:05:10+00:00","dateModified":"2026-03-16T09:35:23+00:00","description":"Bekijk de plattegrond van camping Kr\u00f6ver Berg en krijg direct inzicht in de staanplaatsen, ligging en mogelijkheden op de camping.","breadcrumb":{"@id":"https:\/\/kroever-berg.com\/nl\/camping\/plattegrond\/#breadcrumb"},"inLanguage":"nl-NL","potentialAction":[{"@type":"ReadAction","target":["https:\/\/kroever-berg.com\/nl\/camping\/plattegrond\/"]}]},{"@type":"BreadcrumbList","@id":"https:\/\/kroever-berg.com\/nl\/camping\/plattegrond\/#breadcrumb","itemListElement":[{"@type":"ListItem","position":1,"name":"Home","item":"https:\/\/kroever-berg.com\/nl\/"},{"@type":"ListItem","position":2,"name":"Camping","item":"https:\/\/kroever-berg.com\/nl\/camping\/"},{"@type":"ListItem","position":3,"name":"Plattegrond"}]},{"@type":"WebSite","@id":"https:\/\/kroever-berg.com\/nl\/#website","url":"https:\/\/kroever-berg.com\/nl\/","name":"Moselcamping Kr\u00f6ver Berg","description":"Moselcamping Kr\u00f6ver Berg","publisher":{"@id":"https:\/\/kroever-berg.com\/nl\/#organization"},"potentialAction":[{"@type":"SearchAction","target":{"@type":"EntryPoint","urlTemplate":"https:\/\/kroever-berg.com\/nl\/?s={search_term_string}"},"query-input":{"@type":"PropertyValueSpecification","valueRequired":true,"valueName":"search_term_string"}}],"inLanguage":"nl-NL"},{"@type":"Organization","@id":"https:\/\/kroever-berg.com\/nl\/#organization","name":"Moselcamping Kr\u00f6ver Berg","url":"https:\/\/kroever-berg.com\/nl\/","logo":{"@type":"ImageObject","inLanguage":"nl-NL","@id":"https:\/\/kroever-berg.com\/nl\/#\/schema\/logo\/image\/","url":"https:\/\/kroever-berg.com\/wp-content\/uploads\/2025\/06\/cropped-beeldmerk.png","contentUrl":"https:\/\/kroever-berg.com\/wp-content\/uploads\/2025\/06\/cropped-beeldmerk.png","width":512,"height":512,"caption":"Moselcamping Kr\u00f6ver Berg"},"image":{"@id":"https:\/\/kroever-berg.com\/nl\/#\/schema\/logo\/image\/"},"sameAs":["https:\/\/www.facebook.com\/groups\/777740929550045\/"]}]}},"_links":{"self":[{"href":"https:\/\/kroever-berg.com\/nl\/wp-json\/wp\/v2\/pages\/3276","targetHints":{"allow":["GET"]}}],"collection":[{"href":"https:\/\/kroever-berg.com\/nl\/wp-json\/wp\/v2\/pages"}],"about":[{"href":"https:\/\/kroever-berg.com\/nl\/wp-json\/wp\/v2\/types\/page"}],"author":[{"embeddable":true,"href":"https:\/\/kroever-berg.com\/nl\/wp-json\/wp\/v2\/users\/2"}],"replies":[{"embeddable":true,"href":"https:\/\/kroever-berg.com\/nl\/wp-json\/wp\/v2\/comments?post=3276"}],"version-history":[{"count":1,"href":"https:\/\/kroever-berg.com\/nl\/wp-json\/wp\/v2\/pages\/3276\/revisions"}],"predecessor-version":[{"id":3277,"href":"https:\/\/kroever-berg.com\/nl\/wp-json\/wp\/v2\/pages\/3276\/revisions\/3277"}],"up":[{"embeddable":true,"href":"https:\/\/kroever-berg.com\/nl\/wp-json\/wp\/v2\/pages\/2872"}],"wp:attachment":[{"href":"https:\/\/kroever-berg.com\/nl\/wp-json\/wp\/v2\/media?parent=3276"}],"curies":[{"name":"wp","href":"https:\/\/api.w.org\/{rel}","templated":true}]}}