{"id":3250,"date":"2025-12-17T16:36:43","date_gmt":"2025-12-17T16:36:43","guid":{"rendered":"http:\/\/kroever-berg.com\/?page_id=3250"},"modified":"2026-03-10T13:02:54","modified_gmt":"2026-03-10T13:02:54","slug":"over-ons","status":"publish","type":"page","link":"https:\/\/kroever-berg.com\/nl\/camping\/over-ons\/","title":{"rendered":"Over ons"},"content":{"rendered":"<style type=\"text\/css\">\n    .header-heights {\n        height: 65vh;\n    }\n    .header-heights.home {\n        height: 65vh;\n    }\n    @media (max-width: 767px) {\n        .header-heights {\n            height: 50vh;\n        }\n        .header-heights.home {\n            height: 50vh;\n        }\n    }\n<\/style><section class=\"header-img\">\n        <div class=\"img-inner header-heights\" style=\"background-image: url(https:\/\/kroever-berg.com\/wp-content\/uploads\/2025\/12\/Camping-Krover-Berg-Moezel-uitzicht-1-1600x1059.jpg);\"><div class=\"container zb-container\"><\/div><\/div><\/section>\n\n\n<h1 class=\"wp-block-heading\">Ons verhaal<\/h1>\n\n\n\n<p>Sommige plekken voelen meteen goed. Nog v\u00f3\u00f3r je precies kunt uitleggen waarom.<\/p>\n\n\n\n<p>Camping Kr\u00f6ver Berg is zo\u2019n plek. Schitterend gelegen in de Moezelregio, midden in een landschap dat elk seizoen blijft verrassen. De ongerepte natuur, de glooiende wijnhellingen die langzaam van kleur veranderen, pittoreske dorpjes met vakwerkhuizen, uitgestrekte bossen en natuurlijk de Moezel die zich rustig door het dal slingert. Op deze bijzondere plek voelt het al snel als thuiskomen.<\/p>\n\n\n\n<p>Onze camping ligt verscholen in de natuur, vlak bij het gezellige wijndorp Kr\u00f6v. Hier vindt u een oase van rust, ver weg van de drukte van alledag. Het is de ideale plek om te ontspannen, te genieten van de omgeving en echt even op adem te komen. \u2019s Ochtends wordt u wakker met het gezang van vogels en met een beetje geluk ziet u ree\u00ebn, herten of zelfs wilde zwijnen langs de rand van het terrein. Elk seizoen heeft hier zijn eigen charme \u2014 een ervaring die blijft boeien en nooit verveelt.<\/p>\n\n\n\n<h3 class=\"wp-block-heading\">Overname in mei 2025<\/h3>\n\n\n\n<p>Juist dat gevoel was voor ons de reden om Camping Kr\u00f6ver Berg in mei 2025 over te nemen. Sindsdien zetten wij ons met veel enthousiasme en liefde in om van deze camping een plek te maken waar u zich direct welkom voelt en waar u optimaal kunt genieten van een fijn en comfortabel verblijf.<\/p>\n\n\n\n<p>Sinds de overname hebben wij al veel verbeterd en zijn we dagelijks bezig onze schitterend gelegen camping verder te ontwikkelen. Stap voor stap geven we de camping vorm naar onze eigen smaak, passend bij de wensen en het comfort van u als gast \u2014 zodat u zich hier nu \u00e9n in de toekomst prettig en welkom voelt.<\/p>\n\n\n\n<h3 class=\"wp-block-heading\">Persoonlijk en betrokken<\/h3>\n\n\n\n<p>Wij zijn zelf actief aanwezig op de camping en goed aanspreekbaar voor onze gasten. We luisteren, leren en passen aan waar nodig. Feedback nemen we serieus, omdat we onze camping samen met onze gasten laten groeien. U geniet bij ons van moderne sanitaire voorzieningen met heerlijke regendouches. Voor een smakelijke maaltijd, een lokaal Moeselwijntje of een gezellige borrel bent u hartelijk welkom in ons restaurant met terras. De kinderen vermaken zich uitstekend op ons sportveld, in de speeltuin of op de airtrampoline. Camping Kr\u00f6ver Berg is d\u00e9 plek voor iedereen die wil genieten van rust, ruimte en recreatie!<\/p>\n\n\n\n<h3 class=\"wp-block-heading\">Welkom op onze camping<\/h3>\n\n\n\n<p>Of u nu voor het eerst komt of terugkeert:<br>u bent van harte welkom om zelf te ervaren wat camping Kr\u00f6ver Berg vandaag al is \u2014 en wat het steeds meer wordt.<\/p>\n\n\n\n<p><strong>Tot ziens op camping Kr\u00f6ver Berg.<\/strong><\/p>\n\n\n<div style=\"margin-top: 0px\" class=\"tz-omenom-container image-left color-kleur1 geenlijn\"><div class=\"container\"><div class=\"col6 omenom-image\"><img loading=\"lazy\" decoding=\"async\" width=\"563\" height=\"750\" src=\"https:\/\/kroever-berg.com\/wp-content\/uploads\/2025\/12\/Mitarbeiter-campingplatz-kroever-berg-563x750.jpg\" class=\"attachment-medium size-medium\" alt=\"\" srcset=\"https:\/\/kroever-berg.com\/wp-content\/uploads\/2025\/12\/Mitarbeiter-campingplatz-kroever-berg-563x750.jpg 563w, https:\/\/kroever-berg.com\/wp-content\/uploads\/2025\/12\/Mitarbeiter-campingplatz-kroever-berg-768x1024.jpg 768w, https:\/\/kroever-berg.com\/wp-content\/uploads\/2025\/12\/Mitarbeiter-campingplatz-kroever-berg-1152x1536.jpg 1152w, https:\/\/kroever-berg.com\/wp-content\/uploads\/2025\/12\/Mitarbeiter-campingplatz-kroever-berg.jpg 1200w\" sizes=\"auto, (max-width: 563px) 100vw, 563px\" \/><\/div><div class=\"col4 omenom-content\"><div class=\"omenom-content-inner\"><h3>Het Kr\u00f6ver Berg Team<\/h3><div class=\"omenom-editor\"><p>&nbsp;<\/p>\n<ul>\n<li>Ben<\/li>\n<li>Johan<\/li>\n<li>Jedaja<\/li>\n<li>Roger<\/li>\n<li>Kevin<\/li>\n<li>Gabi<\/li>\n<li>Dennis<\/li>\n<li>Martien<\/li>\n<\/ul>\n<\/div><\/div><\/div><\/div><\/div>","protected":false},"excerpt":{"rendered":"<p>Ons verhaal Sommige plekken voelen meteen goed. Nog v\u00f3\u00f3r je precies kunt uitleggen waarom. Camping Kr\u00f6ver Berg is zo\u2019n plek. Schitterend gelegen in de Moezelregio, midden in een landschap dat elk seizoen blijft verrassen. De ongerepte natuur, de glooiende wijnhellingen die langzaam van kleur veranderen, pittoreske dorpjes met vakwerkhuizen, uitgestrekte bossen en natuurlijk de Moezel [&hellip;]<\/p>\n","protected":false},"author":2,"featured_media":0,"parent":2872,"menu_order":0,"comment_status":"closed","ping_status":"closed","template":"","meta":{"_acf_changed":false,"footnotes":""},"class_list":["post-3250","page","type-page","status-publish","hentry"],"acf":[],"yoast_head":"<!-- This site is optimized with the Yoast SEO plugin v27.4 - https:\/\/yoast.com\/product\/yoast-seo-wordpress\/ -->\n<title>Over ons | Moselcamping Kr\u00f6ver Berg<\/title>\n<meta name=\"description\" content=\"Maak kennis met het team van camping Kr\u00f6ver Berg. Persoonlijk, gastvrij en met liefde voor de natuur en een comfortabel verblijf in de Moezelstreek.\" \/>\n<meta name=\"robots\" content=\"index, follow, max-snippet:-1, max-image-preview:large, max-video-preview:-1\" \/>\n<link rel=\"canonical\" href=\"https:\/\/kroever-berg.com\/nl\/camping\/over-ons\/\" \/>\n<meta property=\"og:locale\" content=\"nl_NL\" \/>\n<meta property=\"og:type\" content=\"article\" \/>\n<meta property=\"og:title\" content=\"Over ons | Moselcamping Kr\u00f6ver Berg\" \/>\n<meta property=\"og:description\" content=\"Maak kennis met het team van camping Kr\u00f6ver Berg. Persoonlijk, gastvrij en met liefde voor de natuur en een comfortabel verblijf in de Moezelstreek.\" \/>\n<meta property=\"og:url\" content=\"https:\/\/kroever-berg.com\/nl\/camping\/over-ons\/\" \/>\n<meta property=\"og:site_name\" content=\"Moselcamping Kr\u00f6ver Berg\" \/>\n<meta property=\"article:publisher\" content=\"https:\/\/www.facebook.com\/groups\/777740929550045\/\" \/>\n<meta property=\"article:modified_time\" content=\"2026-03-10T13:02:54+00:00\" \/>\n<meta property=\"og:image\" content=\"https:\/\/kroever-berg.com\/wp-content\/uploads\/2026\/01\/moselschleife-bremm-uitzicht.png\" \/>\n\t<meta property=\"og:image:width\" content=\"1536\" \/>\n\t<meta property=\"og:image:height\" content=\"1024\" \/>\n\t<meta property=\"og:image:type\" content=\"image\/png\" \/>\n<meta name=\"twitter:card\" content=\"summary_large_image\" \/>\n<meta name=\"twitter:label1\" content=\"Geschatte leestijd\" \/>\n\t<meta name=\"twitter:data1\" content=\"3 minuten\" \/>\n<script type=\"application\/ld+json\" class=\"yoast-schema-graph\">{\"@context\":\"https:\\\/\\\/schema.org\",\"@graph\":[{\"@type\":\"WebPage\",\"@id\":\"https:\\\/\\\/kroever-berg.com\\\/nl\\\/camping\\\/over-ons\\\/\",\"url\":\"https:\\\/\\\/kroever-berg.com\\\/nl\\\/camping\\\/over-ons\\\/\",\"name\":\"Over ons | Moselcamping Kr\u00f6ver Berg\",\"isPartOf\":{\"@id\":\"https:\\\/\\\/kroever-berg.com\\\/nl\\\/#website\"},\"datePublished\":\"2025-12-17T16:36:43+00:00\",\"dateModified\":\"2026-03-10T13:02:54+00:00\",\"description\":\"Maak kennis met het team van camping Kr\u00f6ver Berg. Persoonlijk, gastvrij en met liefde voor de natuur en een comfortabel verblijf in de Moezelstreek.\",\"breadcrumb\":{\"@id\":\"https:\\\/\\\/kroever-berg.com\\\/nl\\\/camping\\\/over-ons\\\/#breadcrumb\"},\"inLanguage\":\"nl-NL\",\"potentialAction\":[{\"@type\":\"ReadAction\",\"target\":[\"https:\\\/\\\/kroever-berg.com\\\/nl\\\/camping\\\/over-ons\\\/\"]}]},{\"@type\":\"BreadcrumbList\",\"@id\":\"https:\\\/\\\/kroever-berg.com\\\/nl\\\/camping\\\/over-ons\\\/#breadcrumb\",\"itemListElement\":[{\"@type\":\"ListItem\",\"position\":1,\"name\":\"Home\",\"item\":\"https:\\\/\\\/kroever-berg.com\\\/nl\\\/\"},{\"@type\":\"ListItem\",\"position\":2,\"name\":\"Camping\",\"item\":\"https:\\\/\\\/kroever-berg.com\\\/nl\\\/camping\\\/\"},{\"@type\":\"ListItem\",\"position\":3,\"name\":\"Over ons\"}]},{\"@type\":\"WebSite\",\"@id\":\"https:\\\/\\\/kroever-berg.com\\\/nl\\\/#website\",\"url\":\"https:\\\/\\\/kroever-berg.com\\\/nl\\\/\",\"name\":\"Moselcamping Kr\u00f6ver Berg\",\"description\":\"Moselcamping Kr\u00f6ver Berg\",\"publisher\":{\"@id\":\"https:\\\/\\\/kroever-berg.com\\\/nl\\\/#organization\"},\"potentialAction\":[{\"@type\":\"SearchAction\",\"target\":{\"@type\":\"EntryPoint\",\"urlTemplate\":\"https:\\\/\\\/kroever-berg.com\\\/nl\\\/?s={search_term_string}\"},\"query-input\":{\"@type\":\"PropertyValueSpecification\",\"valueRequired\":true,\"valueName\":\"search_term_string\"}}],\"inLanguage\":\"nl-NL\"},{\"@type\":\"Organization\",\"@id\":\"https:\\\/\\\/kroever-berg.com\\\/nl\\\/#organization\",\"name\":\"Moselcamping Kr\u00f6ver Berg\",\"url\":\"https:\\\/\\\/kroever-berg.com\\\/nl\\\/\",\"logo\":{\"@type\":\"ImageObject\",\"inLanguage\":\"nl-NL\",\"@id\":\"https:\\\/\\\/kroever-berg.com\\\/nl\\\/#\\\/schema\\\/logo\\\/image\\\/\",\"url\":\"https:\\\/\\\/kroever-berg.com\\\/wp-content\\\/uploads\\\/2025\\\/06\\\/cropped-beeldmerk.png\",\"contentUrl\":\"https:\\\/\\\/kroever-berg.com\\\/wp-content\\\/uploads\\\/2025\\\/06\\\/cropped-beeldmerk.png\",\"width\":512,\"height\":512,\"caption\":\"Moselcamping Kr\u00f6ver Berg\"},\"image\":{\"@id\":\"https:\\\/\\\/kroever-berg.com\\\/nl\\\/#\\\/schema\\\/logo\\\/image\\\/\"},\"sameAs\":[\"https:\\\/\\\/www.facebook.com\\\/groups\\\/777740929550045\\\/\"]}]}<\/script>\n<!-- \/ Yoast SEO plugin. -->","yoast_head_json":{"title":"Over ons | Moselcamping Kr\u00f6ver Berg","description":"Maak kennis met het team van camping Kr\u00f6ver Berg. Persoonlijk, gastvrij en met liefde voor de natuur en een comfortabel verblijf in de Moezelstreek.","robots":{"index":"index","follow":"follow","max-snippet":"max-snippet:-1","max-image-preview":"max-image-preview:large","max-video-preview":"max-video-preview:-1"},"canonical":"https:\/\/kroever-berg.com\/nl\/camping\/over-ons\/","og_locale":"nl_NL","og_type":"article","og_title":"Over ons | Moselcamping Kr\u00f6ver Berg","og_description":"Maak kennis met het team van camping Kr\u00f6ver Berg. Persoonlijk, gastvrij en met liefde voor de natuur en een comfortabel verblijf in de Moezelstreek.","og_url":"https:\/\/kroever-berg.com\/nl\/camping\/over-ons\/","og_site_name":"Moselcamping Kr\u00f6ver Berg","article_publisher":"https:\/\/www.facebook.com\/groups\/777740929550045\/","article_modified_time":"2026-03-10T13:02:54+00:00","og_image":[{"url":"https:\/\/kroever-berg.com\/wp-content\/uploads\/2026\/01\/moselschleife-bremm-uitzicht.png","width":1536,"height":1024,"type":"image\/png"}],"twitter_card":"summary_large_image","twitter_misc":{"Geschatte leestijd":"3 minuten"},"schema":{"@context":"https:\/\/schema.org","@graph":[{"@type":"WebPage","@id":"https:\/\/kroever-berg.com\/nl\/camping\/over-ons\/","url":"https:\/\/kroever-berg.com\/nl\/camping\/over-ons\/","name":"Over ons | Moselcamping Kr\u00f6ver Berg","isPartOf":{"@id":"https:\/\/kroever-berg.com\/nl\/#website"},"datePublished":"2025-12-17T16:36:43+00:00","dateModified":"2026-03-10T13:02:54+00:00","description":"Maak kennis met het team van camping Kr\u00f6ver Berg. Persoonlijk, gastvrij en met liefde voor de natuur en een comfortabel verblijf in de Moezelstreek.","breadcrumb":{"@id":"https:\/\/kroever-berg.com\/nl\/camping\/over-ons\/#breadcrumb"},"inLanguage":"nl-NL","potentialAction":[{"@type":"ReadAction","target":["https:\/\/kroever-berg.com\/nl\/camping\/over-ons\/"]}]},{"@type":"BreadcrumbList","@id":"https:\/\/kroever-berg.com\/nl\/camping\/over-ons\/#breadcrumb","itemListElement":[{"@type":"ListItem","position":1,"name":"Home","item":"https:\/\/kroever-berg.com\/nl\/"},{"@type":"ListItem","position":2,"name":"Camping","item":"https:\/\/kroever-berg.com\/nl\/camping\/"},{"@type":"ListItem","position":3,"name":"Over ons"}]},{"@type":"WebSite","@id":"https:\/\/kroever-berg.com\/nl\/#website","url":"https:\/\/kroever-berg.com\/nl\/","name":"Moselcamping Kr\u00f6ver Berg","description":"Moselcamping Kr\u00f6ver Berg","publisher":{"@id":"https:\/\/kroever-berg.com\/nl\/#organization"},"potentialAction":[{"@type":"SearchAction","target":{"@type":"EntryPoint","urlTemplate":"https:\/\/kroever-berg.com\/nl\/?s={search_term_string}"},"query-input":{"@type":"PropertyValueSpecification","valueRequired":true,"valueName":"search_term_string"}}],"inLanguage":"nl-NL"},{"@type":"Organization","@id":"https:\/\/kroever-berg.com\/nl\/#organization","name":"Moselcamping Kr\u00f6ver Berg","url":"https:\/\/kroever-berg.com\/nl\/","logo":{"@type":"ImageObject","inLanguage":"nl-NL","@id":"https:\/\/kroever-berg.com\/nl\/#\/schema\/logo\/image\/","url":"https:\/\/kroever-berg.com\/wp-content\/uploads\/2025\/06\/cropped-beeldmerk.png","contentUrl":"https:\/\/kroever-berg.com\/wp-content\/uploads\/2025\/06\/cropped-beeldmerk.png","width":512,"height":512,"caption":"Moselcamping Kr\u00f6ver Berg"},"image":{"@id":"https:\/\/kroever-berg.com\/nl\/#\/schema\/logo\/image\/"},"sameAs":["https:\/\/www.facebook.com\/groups\/777740929550045\/"]}]}},"_links":{"self":[{"href":"https:\/\/kroever-berg.com\/nl\/wp-json\/wp\/v2\/pages\/3250","targetHints":{"allow":["GET"]}}],"collection":[{"href":"https:\/\/kroever-berg.com\/nl\/wp-json\/wp\/v2\/pages"}],"about":[{"href":"https:\/\/kroever-berg.com\/nl\/wp-json\/wp\/v2\/types\/page"}],"author":[{"embeddable":true,"href":"https:\/\/kroever-berg.com\/nl\/wp-json\/wp\/v2\/users\/2"}],"replies":[{"embeddable":true,"href":"https:\/\/kroever-berg.com\/nl\/wp-json\/wp\/v2\/comments?post=3250"}],"version-history":[{"count":21,"href":"https:\/\/kroever-berg.com\/nl\/wp-json\/wp\/v2\/pages\/3250\/revisions"}],"predecessor-version":[{"id":3825,"href":"https:\/\/kroever-berg.com\/nl\/wp-json\/wp\/v2\/pages\/3250\/revisions\/3825"}],"up":[{"embeddable":true,"href":"https:\/\/kroever-berg.com\/nl\/wp-json\/wp\/v2\/pages\/2872"}],"wp:attachment":[{"href":"https:\/\/kroever-berg.com\/nl\/wp-json\/wp\/v2\/media?parent=3250"}],"curies":[{"name":"wp","href":"https:\/\/api.w.org\/{rel}","templated":true}]}}