{"id":2872,"date":"2025-06-16T09:41:22","date_gmt":"2025-06-16T09:41:22","guid":{"rendered":"http:\/\/kroever-berg.com\/?page_id=2872"},"modified":"2026-03-25T16:32:29","modified_gmt":"2026-03-25T16:32:29","slug":"camping","status":"publish","type":"page","link":"https:\/\/kroever-berg.com\/nl\/camping\/","title":{"rendered":"Camping"},"content":{"rendered":"\n<h1 class=\"wp-block-heading\">Camping Kr\u00f6ver Berg \u2013 Genieten bij de Moezel<\/h1>\n\n\n\n<p>Welkom op Moezelcamping Kr\u00f6ver Berg! Ontdek onze sfeervolle camping midden in de natuur boven het pittoreske wijndorp Kr\u00f6v, met ruime plekken, moderne faciliteiten en een gezellig restaurant. Het is genieten op onze camping bij de Moezel!<\/p>\n\n\n<div style=\"margin-top: -40px\" class=\"tz-omenom-container image-right color-kleur3 geenlijn\"><div class=\"container\"><div class=\"col6 omenom-image\"><img loading=\"lazy\" decoding=\"async\" width=\"750\" height=\"422\" src=\"https:\/\/kroever-berg.com\/wp-content\/uploads\/2025\/12\/Camping-Krover-Berg-Mosel-02-750x422.jpg\" class=\"attachment-medium size-medium\" alt=\"\" srcset=\"https:\/\/kroever-berg.com\/wp-content\/uploads\/2025\/12\/Camping-Krover-Berg-Mosel-02-750x422.jpg 750w, https:\/\/kroever-berg.com\/wp-content\/uploads\/2025\/12\/Camping-Krover-Berg-Mosel-02-1600x900.jpg 1600w, https:\/\/kroever-berg.com\/wp-content\/uploads\/2025\/12\/Camping-Krover-Berg-Mosel-02-768x432.jpg 768w, https:\/\/kroever-berg.com\/wp-content\/uploads\/2025\/12\/Camping-Krover-Berg-Mosel-02-1536x864.jpg 1536w, https:\/\/kroever-berg.com\/wp-content\/uploads\/2025\/12\/Camping-Krover-Berg-Mosel-02-2048x1152.jpg 2048w\" sizes=\"auto, (max-width: 750px) 100vw, 750px\" \/><\/div><div class=\"col4 omenom-content\"><div class=\"omenom-content-inner\"><div class=\"omenom-editor\"><h2>Wat maakt onze camping bijzonder?<\/h2>\n<ul>\n<li><strong>Rust &amp; natuur &#8211; <\/strong>Op een heuvel, midden in de natuur<\/li>\n<li><strong>Sfeervol &#8211; <\/strong>Gemoedelijke, kleinschalige camping<\/li>\n<li><strong>Kindvriendelijk<\/strong> &#8211; Speeltuin, sportveld, airtrampo<\/li>\n<li><strong>Schitterende omgeving <\/strong>&#8211; Centraal gelegen, veel bezienswaardigheden<\/li>\n<\/ul>\n<\/div><a href=\"https:\/\/kroever-berg.com\/nl\/camping\/sfeerimpressie\/\" class=\"omenom-button btn\">Bekijk fotoboek<\/a><\/div><\/div><\/div><\/div>\n\n<div style=\"margin-top: -40px\" class=\"tz-omenom-container image-left color-kleur1 geenlijn\"><div class=\"container\"><div class=\"col6 omenom-image\"><img loading=\"lazy\" decoding=\"async\" width=\"750\" height=\"500\" src=\"https:\/\/kroever-berg.com\/wp-content\/uploads\/2025\/12\/Camping-Krover-Berg-Mosel-25-750x500.jpg\" class=\"attachment-medium size-medium\" alt=\"\" srcset=\"https:\/\/kroever-berg.com\/wp-content\/uploads\/2025\/12\/Camping-Krover-Berg-Mosel-25-750x500.jpg 750w, https:\/\/kroever-berg.com\/wp-content\/uploads\/2025\/12\/Camping-Krover-Berg-Mosel-25-1600x1067.jpg 1600w, https:\/\/kroever-berg.com\/wp-content\/uploads\/2025\/12\/Camping-Krover-Berg-Mosel-25-768x512.jpg 768w, https:\/\/kroever-berg.com\/wp-content\/uploads\/2025\/12\/Camping-Krover-Berg-Mosel-25-1536x1024.jpg 1536w, https:\/\/kroever-berg.com\/wp-content\/uploads\/2025\/12\/Camping-Krover-Berg-Mosel-25-2048x1365.jpg 2048w\" sizes=\"auto, (max-width: 750px) 100vw, 750px\" \/><\/div><div class=\"col4 omenom-content\"><div class=\"omenom-content-inner\"><div class=\"omenom-editor\"><h2>Voorzieningen op de camping<\/h2>\n<ul>\n<li><strong>Restaurant &amp; terras<\/strong> &#8211; lokale specialiteiten en Moezelwijnen<\/li>\n<li><strong>Sanitair<\/strong> &#8211; modern en schoon met regendouches<\/li>\n<li><strong>Receptie<\/strong> &#8211; met gratis wifi en goede service<\/li>\n<li><strong>Speeltuin &amp; sportveld<\/strong> &#8211; voor kinderen en sportliefhebbers<\/li>\n<li><strong>Dichtbij wandel- en fietsroutes<\/strong> &#8211; ideaal als uitvalsbasis<\/li>\n<\/ul>\n<\/div><a href=\"https:\/\/kroever-berg.com\/nl\/camping\/faciliteiten\/\" class=\"omenom-button btn\">Bekijk alle faciliteiten<\/a><\/div><\/div><\/div><\/div>\n\n<div style=\"margin-top: -40px\" class=\"tz-omenom-container image-right color-kleur3 geenlijn\"><div class=\"container\"><div class=\"col6 omenom-image\"><img loading=\"lazy\" decoding=\"async\" width=\"750\" height=\"563\" src=\"https:\/\/kroever-berg.com\/wp-content\/uploads\/2025\/06\/Christelijke-camping-Moezel-in-Duitsland-38-750x563.jpg\" class=\"attachment-medium size-medium\" alt=\"\" srcset=\"https:\/\/kroever-berg.com\/wp-content\/uploads\/2025\/06\/Christelijke-camping-Moezel-in-Duitsland-38-750x563.jpg 750w, https:\/\/kroever-berg.com\/wp-content\/uploads\/2025\/06\/Christelijke-camping-Moezel-in-Duitsland-38-1600x1200.jpg 1600w, https:\/\/kroever-berg.com\/wp-content\/uploads\/2025\/06\/Christelijke-camping-Moezel-in-Duitsland-38-768x576.jpg 768w, https:\/\/kroever-berg.com\/wp-content\/uploads\/2025\/06\/Christelijke-camping-Moezel-in-Duitsland-38-1536x1152.jpg 1536w, https:\/\/kroever-berg.com\/wp-content\/uploads\/2025\/06\/Christelijke-camping-Moezel-in-Duitsland-38.jpg 2000w\" sizes=\"auto, (max-width: 750px) 100vw, 750px\" \/><\/div><div class=\"col4 omenom-content\"><div class=\"omenom-content-inner\"><div class=\"omenom-editor\"><h2>Plattegrond<\/h2>\n<p>Bekijk de plattegrond van onze camping en krijg direct een goed beeld van de verschillende kampeerplaatsen. Controleer eenvoudig de beschikbaarheid, kies uw gewenste plek en boek veilig en snel via onze website.<\/p>\n<\/div><a href=\"https:\/\/kroever-berg.com\/nl\/camping\/plattegrond\/\" class=\"omenom-button btn\">Bekijk plattegrond<\/a><\/div><\/div><\/div><\/div>\n\n<div class=\"overzicht-full-width normaal klein\"><div class=\"container\"><div class=\"overview-txt\"><h2>Kampeerplaatsen en huuraccommodaties<\/h2>\n<p>Camping Kr\u00f6ver Berg biedt verzorgde kampeer- en camperplaatsen van 70 tot 160m2. Alle staanplaatsen hebben een stroomaansluiting. Watertappunten vind u dichtbij. Heeft u geen eigen kampeermiddel? Dan kunt u een chalet of appartement boeken.<\/p>\n<\/div><div class=\"overzicht-archive row tz-blocks\"><a href=\"https:\/\/kroever-berg.com\/nl\/kamperen\/\" class=\"col-blocks-2 tz-arrangementen-item\"><img decoding=\"async\" src=\"https:\/\/kroever-berg.com\/wp-content\/uploads\/2025\/06\/Christelijke-camping-Moezel-in-Duitsland-29-750x563.jpg\" alt=\"\" class=\"attachment-medium size-medium not-transparent wp-post-image\"><div class=\"overview-text\"><h3>Kamperen<\/h3><span class=\"btn read-more\">Lees meer<\/span><\/div><\/a><a href=\"https:\/\/kroever-berg.com\/nl\/accommodaties\/\" class=\"col-blocks-2 tz-arrangementen-item\"><img decoding=\"async\" src=\"https:\/\/kroever-berg.com\/wp-content\/uploads\/2025\/12\/Mosel-appartement-2-schlafzimmer-kroeverberg-01-750x500.jpg\" alt=\"\" class=\"attachment-medium size-medium not-transparent wp-post-image\"><div class=\"overview-text\"><h3>Accommodaties<\/h3><span class=\"btn read-more\">Lees meer<\/span><\/div><\/a><\/div><\/div><\/div>\n\n\n<h2 class=\"wp-block-heading\">Wat heeft Moezelcamping Kr\u00f6ver Berg te bieden?<\/h2>\n\n\n\n<p>Het is volop genieten op onze schitterend gelegen camping, midden in de natuur en op korte afstand van de Moezel. Onze faciliteiten staan garant voor een fijn verblijf.<\/p>\n\n\n\n<ul class=\"wp-block-list\">\n<li><strong>Ruime en comfortabele kampeerplaatsen<\/strong>, zowel op open kampeervelden als op knusse terrassen, waardoor u altijd een plek vindt die past bij uw wensen. Of u nu met een tent, caravan of camper reist, u ervaart bij ons rust, ruimte en een ontspannen sfeer.<\/li>\n\n\n\n<li><strong>Modern en hygi\u00ebnisch sanitair<\/strong>, dat met zorg wordt onderhouden. Na een actieve dag kunt u heerlijk ontspannen onder onze comfortabele regendouches. <\/li>\n\n\n\n<li><strong>Eigen restaurant met sfeervol terras,<\/strong> hier bent u welkom voor een smakelijke maaltijd, een gezellige borrel of gewoon een moment van ontspanning. Wij serveren wij diverse gerechten en kunt u genieten van een goed glas lokale Moezelwijn of een Bitburger biertje van de tap. <\/li>\n\n\n\n<li><strong>Kindvriendelijke faciliteiten:<\/strong> kinderen kunnen zich volop vermaken in de speeltuin, op het sportveld of op onze grote airtrampoline, waar ze veilig kunnen spelen en nieuwe vriendjes maken. <\/li>\n<\/ul>\n\n\n<style type=\"text\/css\">\n    .omgeving-height {\n        height: 70vh;\n    }\n    @media (max-width: 767px) {\n        .omgeving-height {\n            height: 50vh;\n        }\n    }\n<\/style><section class=\"omgeving omgeving-full-width\">\n        <div class=\"omgeving-inner omgeving-height\" style=\"background-image: url(https:\/\/kroever-berg.com\/wp-content\/uploads\/2025\/12\/Campingplatz-Krover-Berg-Krov-Traben-Trabach.png);\"><div class=\"omgeving-text-outer\"><div class=\"omgeving-text\">\n                <div class=\"text\"><h2>Beleef een onvergetelijke vakantie aan de Moezel!<\/h2>\n<p>Ervaar de rust, ruimte en de prachtige natuur op camping Kr\u00f6ver Berg. Geniet van ruime kampeerplaatsen, moderne faciliteiten en een gezellige sfeer voor jong en oud.<\/p>\n<p data-start=\"138\" data-end=\"526\">\n<\/div><a href=\"https:\/\/kroever-berg.com\/nl\/zoek-en-boek\/\" class=\"btn\">Boek nu!<\/a><\/div><\/div><\/div><\/section>","protected":false},"excerpt":{"rendered":"<p>Camping Kr\u00f6ver Berg \u2013 Genieten bij de Moezel Welkom op Moezelcamping Kr\u00f6ver Berg! Ontdek onze sfeervolle camping midden in de natuur boven het pittoreske wijndorp Kr\u00f6v, met ruime plekken, moderne faciliteiten en een gezellig restaurant. Het is genieten op onze camping bij de Moezel! Wat heeft Moezelcamping Kr\u00f6ver Berg te bieden? Het is volop genieten [&hellip;]<\/p>\n","protected":false},"author":1,"featured_media":3095,"parent":0,"menu_order":0,"comment_status":"closed","ping_status":"closed","template":"","meta":{"_acf_changed":false,"footnotes":""},"class_list":["post-2872","page","type-page","status-publish","has-post-thumbnail","hentry"],"acf":[],"yoast_head":"<!-- This site is optimized with the Yoast SEO plugin v27.4 - https:\/\/yoast.com\/product\/yoast-seo-wordpress\/ -->\n<title>Welkom op camping Kr\u00f6ver Berg | Moselcamping Kr\u00f6ver Berg<\/title>\n<meta name=\"description\" content=\"Geniet van natuur en comfort op camping Kr\u00f6ver Berg bij Kr\u00f6v in de Moezelstreek. Ruime kampeerplaatsen, restaurant en moderne faciliteiten.\" \/>\n<meta name=\"robots\" content=\"index, follow, max-snippet:-1, max-image-preview:large, max-video-preview:-1\" \/>\n<link rel=\"canonical\" href=\"https:\/\/kroever-berg.com\/nl\/camping\/\" \/>\n<meta property=\"og:locale\" content=\"nl_NL\" \/>\n<meta property=\"og:type\" content=\"article\" \/>\n<meta property=\"og:title\" content=\"Welkom op camping Kr\u00f6ver Berg | Moselcamping Kr\u00f6ver Berg\" \/>\n<meta property=\"og:description\" content=\"Geniet van natuur en comfort op camping Kr\u00f6ver Berg bij Kr\u00f6v in de Moezelstreek. Ruime kampeerplaatsen, restaurant en moderne faciliteiten.\" \/>\n<meta property=\"og:url\" content=\"https:\/\/kroever-berg.com\/nl\/camping\/\" \/>\n<meta property=\"og:site_name\" content=\"Moselcamping Kr\u00f6ver Berg\" \/>\n<meta property=\"article:publisher\" content=\"https:\/\/www.facebook.com\/groups\/777740929550045\/\" \/>\n<meta property=\"article:modified_time\" content=\"2026-03-25T16:32:29+00:00\" \/>\n<meta property=\"og:image\" content=\"http:\/\/kroever-berg.com\/wp-content\/uploads\/2025\/12\/Camping-Krover-Berg-Moezel-uitzicht-1-scaled.jpg\" \/>\n\t<meta property=\"og:image:width\" content=\"2560\" \/>\n\t<meta property=\"og:image:height\" content=\"1695\" \/>\n\t<meta property=\"og:image:type\" content=\"image\/jpeg\" \/>\n<meta name=\"twitter:card\" content=\"summary_large_image\" \/>\n<meta name=\"twitter:label1\" content=\"Geschatte leestijd\" \/>\n\t<meta name=\"twitter:data1\" content=\"2 minuten\" \/>\n<script type=\"application\/ld+json\" class=\"yoast-schema-graph\">{\"@context\":\"https:\\\/\\\/schema.org\",\"@graph\":[{\"@type\":\"WebPage\",\"@id\":\"https:\\\/\\\/kroever-berg.com\\\/nl\\\/camping\\\/\",\"url\":\"https:\\\/\\\/kroever-berg.com\\\/nl\\\/camping\\\/\",\"name\":\"Welkom op camping Kr\u00f6ver Berg | Moselcamping Kr\u00f6ver Berg\",\"isPartOf\":{\"@id\":\"https:\\\/\\\/kroever-berg.com\\\/nl\\\/#website\"},\"primaryImageOfPage\":{\"@id\":\"https:\\\/\\\/kroever-berg.com\\\/nl\\\/camping\\\/#primaryimage\"},\"image\":{\"@id\":\"https:\\\/\\\/kroever-berg.com\\\/nl\\\/camping\\\/#primaryimage\"},\"thumbnailUrl\":\"https:\\\/\\\/kroever-berg.com\\\/wp-content\\\/uploads\\\/2025\\\/12\\\/Camping-Krover-Berg-Moezel-uitzicht-1-scaled.jpg\",\"datePublished\":\"2025-06-16T09:41:22+00:00\",\"dateModified\":\"2026-03-25T16:32:29+00:00\",\"description\":\"Geniet van natuur en comfort op camping Kr\u00f6ver Berg bij Kr\u00f6v in de Moezelstreek. Ruime kampeerplaatsen, restaurant en moderne faciliteiten.\",\"breadcrumb\":{\"@id\":\"https:\\\/\\\/kroever-berg.com\\\/nl\\\/camping\\\/#breadcrumb\"},\"inLanguage\":\"nl-NL\",\"potentialAction\":[{\"@type\":\"ReadAction\",\"target\":[\"https:\\\/\\\/kroever-berg.com\\\/nl\\\/camping\\\/\"]}]},{\"@type\":\"ImageObject\",\"inLanguage\":\"nl-NL\",\"@id\":\"https:\\\/\\\/kroever-berg.com\\\/nl\\\/camping\\\/#primaryimage\",\"url\":\"https:\\\/\\\/kroever-berg.com\\\/wp-content\\\/uploads\\\/2025\\\/12\\\/Camping-Krover-Berg-Moezel-uitzicht-1-scaled.jpg\",\"contentUrl\":\"https:\\\/\\\/kroever-berg.com\\\/wp-content\\\/uploads\\\/2025\\\/12\\\/Camping-Krover-Berg-Moezel-uitzicht-1-scaled.jpg\",\"width\":2560,\"height\":1695,\"caption\":\"DCIMPANORAMA100_0187DJI\"},{\"@type\":\"BreadcrumbList\",\"@id\":\"https:\\\/\\\/kroever-berg.com\\\/nl\\\/camping\\\/#breadcrumb\",\"itemListElement\":[{\"@type\":\"ListItem\",\"position\":1,\"name\":\"Home\",\"item\":\"https:\\\/\\\/kroever-berg.com\\\/nl\\\/\"},{\"@type\":\"ListItem\",\"position\":2,\"name\":\"Camping\"}]},{\"@type\":\"WebSite\",\"@id\":\"https:\\\/\\\/kroever-berg.com\\\/nl\\\/#website\",\"url\":\"https:\\\/\\\/kroever-berg.com\\\/nl\\\/\",\"name\":\"Moselcamping Kr\u00f6ver Berg\",\"description\":\"Moselcamping Kr\u00f6ver Berg\",\"publisher\":{\"@id\":\"https:\\\/\\\/kroever-berg.com\\\/nl\\\/#organization\"},\"potentialAction\":[{\"@type\":\"SearchAction\",\"target\":{\"@type\":\"EntryPoint\",\"urlTemplate\":\"https:\\\/\\\/kroever-berg.com\\\/nl\\\/?s={search_term_string}\"},\"query-input\":{\"@type\":\"PropertyValueSpecification\",\"valueRequired\":true,\"valueName\":\"search_term_string\"}}],\"inLanguage\":\"nl-NL\"},{\"@type\":\"Organization\",\"@id\":\"https:\\\/\\\/kroever-berg.com\\\/nl\\\/#organization\",\"name\":\"Moselcamping Kr\u00f6ver Berg\",\"url\":\"https:\\\/\\\/kroever-berg.com\\\/nl\\\/\",\"logo\":{\"@type\":\"ImageObject\",\"inLanguage\":\"nl-NL\",\"@id\":\"https:\\\/\\\/kroever-berg.com\\\/nl\\\/#\\\/schema\\\/logo\\\/image\\\/\",\"url\":\"https:\\\/\\\/kroever-berg.com\\\/wp-content\\\/uploads\\\/2025\\\/06\\\/cropped-beeldmerk.png\",\"contentUrl\":\"https:\\\/\\\/kroever-berg.com\\\/wp-content\\\/uploads\\\/2025\\\/06\\\/cropped-beeldmerk.png\",\"width\":512,\"height\":512,\"caption\":\"Moselcamping Kr\u00f6ver Berg\"},\"image\":{\"@id\":\"https:\\\/\\\/kroever-berg.com\\\/nl\\\/#\\\/schema\\\/logo\\\/image\\\/\"},\"sameAs\":[\"https:\\\/\\\/www.facebook.com\\\/groups\\\/777740929550045\\\/\"]}]}<\/script>\n<!-- \/ Yoast SEO plugin. -->","yoast_head_json":{"title":"Welkom op camping Kr\u00f6ver Berg | Moselcamping Kr\u00f6ver Berg","description":"Geniet van natuur en comfort op camping Kr\u00f6ver Berg bij Kr\u00f6v in de Moezelstreek. Ruime kampeerplaatsen, restaurant en moderne faciliteiten.","robots":{"index":"index","follow":"follow","max-snippet":"max-snippet:-1","max-image-preview":"max-image-preview:large","max-video-preview":"max-video-preview:-1"},"canonical":"https:\/\/kroever-berg.com\/nl\/camping\/","og_locale":"nl_NL","og_type":"article","og_title":"Welkom op camping Kr\u00f6ver Berg | Moselcamping Kr\u00f6ver Berg","og_description":"Geniet van natuur en comfort op camping Kr\u00f6ver Berg bij Kr\u00f6v in de Moezelstreek. Ruime kampeerplaatsen, restaurant en moderne faciliteiten.","og_url":"https:\/\/kroever-berg.com\/nl\/camping\/","og_site_name":"Moselcamping Kr\u00f6ver Berg","article_publisher":"https:\/\/www.facebook.com\/groups\/777740929550045\/","article_modified_time":"2026-03-25T16:32:29+00:00","og_image":[{"width":2560,"height":1695,"url":"http:\/\/kroever-berg.com\/wp-content\/uploads\/2025\/12\/Camping-Krover-Berg-Moezel-uitzicht-1-scaled.jpg","type":"image\/jpeg"}],"twitter_card":"summary_large_image","twitter_misc":{"Geschatte leestijd":"2 minuten"},"schema":{"@context":"https:\/\/schema.org","@graph":[{"@type":"WebPage","@id":"https:\/\/kroever-berg.com\/nl\/camping\/","url":"https:\/\/kroever-berg.com\/nl\/camping\/","name":"Welkom op camping Kr\u00f6ver Berg | Moselcamping Kr\u00f6ver Berg","isPartOf":{"@id":"https:\/\/kroever-berg.com\/nl\/#website"},"primaryImageOfPage":{"@id":"https:\/\/kroever-berg.com\/nl\/camping\/#primaryimage"},"image":{"@id":"https:\/\/kroever-berg.com\/nl\/camping\/#primaryimage"},"thumbnailUrl":"https:\/\/kroever-berg.com\/wp-content\/uploads\/2025\/12\/Camping-Krover-Berg-Moezel-uitzicht-1-scaled.jpg","datePublished":"2025-06-16T09:41:22+00:00","dateModified":"2026-03-25T16:32:29+00:00","description":"Geniet van natuur en comfort op camping Kr\u00f6ver Berg bij Kr\u00f6v in de Moezelstreek. Ruime kampeerplaatsen, restaurant en moderne faciliteiten.","breadcrumb":{"@id":"https:\/\/kroever-berg.com\/nl\/camping\/#breadcrumb"},"inLanguage":"nl-NL","potentialAction":[{"@type":"ReadAction","target":["https:\/\/kroever-berg.com\/nl\/camping\/"]}]},{"@type":"ImageObject","inLanguage":"nl-NL","@id":"https:\/\/kroever-berg.com\/nl\/camping\/#primaryimage","url":"https:\/\/kroever-berg.com\/wp-content\/uploads\/2025\/12\/Camping-Krover-Berg-Moezel-uitzicht-1-scaled.jpg","contentUrl":"https:\/\/kroever-berg.com\/wp-content\/uploads\/2025\/12\/Camping-Krover-Berg-Moezel-uitzicht-1-scaled.jpg","width":2560,"height":1695,"caption":"DCIMPANORAMA100_0187DJI"},{"@type":"BreadcrumbList","@id":"https:\/\/kroever-berg.com\/nl\/camping\/#breadcrumb","itemListElement":[{"@type":"ListItem","position":1,"name":"Home","item":"https:\/\/kroever-berg.com\/nl\/"},{"@type":"ListItem","position":2,"name":"Camping"}]},{"@type":"WebSite","@id":"https:\/\/kroever-berg.com\/nl\/#website","url":"https:\/\/kroever-berg.com\/nl\/","name":"Moselcamping Kr\u00f6ver Berg","description":"Moselcamping Kr\u00f6ver Berg","publisher":{"@id":"https:\/\/kroever-berg.com\/nl\/#organization"},"potentialAction":[{"@type":"SearchAction","target":{"@type":"EntryPoint","urlTemplate":"https:\/\/kroever-berg.com\/nl\/?s={search_term_string}"},"query-input":{"@type":"PropertyValueSpecification","valueRequired":true,"valueName":"search_term_string"}}],"inLanguage":"nl-NL"},{"@type":"Organization","@id":"https:\/\/kroever-berg.com\/nl\/#organization","name":"Moselcamping Kr\u00f6ver Berg","url":"https:\/\/kroever-berg.com\/nl\/","logo":{"@type":"ImageObject","inLanguage":"nl-NL","@id":"https:\/\/kroever-berg.com\/nl\/#\/schema\/logo\/image\/","url":"https:\/\/kroever-berg.com\/wp-content\/uploads\/2025\/06\/cropped-beeldmerk.png","contentUrl":"https:\/\/kroever-berg.com\/wp-content\/uploads\/2025\/06\/cropped-beeldmerk.png","width":512,"height":512,"caption":"Moselcamping Kr\u00f6ver Berg"},"image":{"@id":"https:\/\/kroever-berg.com\/nl\/#\/schema\/logo\/image\/"},"sameAs":["https:\/\/www.facebook.com\/groups\/777740929550045\/"]}]}},"_links":{"self":[{"href":"https:\/\/kroever-berg.com\/nl\/wp-json\/wp\/v2\/pages\/2872","targetHints":{"allow":["GET"]}}],"collection":[{"href":"https:\/\/kroever-berg.com\/nl\/wp-json\/wp\/v2\/pages"}],"about":[{"href":"https:\/\/kroever-berg.com\/nl\/wp-json\/wp\/v2\/types\/page"}],"author":[{"embeddable":true,"href":"https:\/\/kroever-berg.com\/nl\/wp-json\/wp\/v2\/users\/1"}],"replies":[{"embeddable":true,"href":"https:\/\/kroever-berg.com\/nl\/wp-json\/wp\/v2\/comments?post=2872"}],"version-history":[{"count":87,"href":"https:\/\/kroever-berg.com\/nl\/wp-json\/wp\/v2\/pages\/2872\/revisions"}],"predecessor-version":[{"id":5578,"href":"https:\/\/kroever-berg.com\/nl\/wp-json\/wp\/v2\/pages\/2872\/revisions\/5578"}],"wp:featuredmedia":[{"embeddable":true,"href":"https:\/\/kroever-berg.com\/nl\/wp-json\/wp\/v2\/media\/3095"}],"wp:attachment":[{"href":"https:\/\/kroever-berg.com\/nl\/wp-json\/wp\/v2\/media?parent=2872"}],"curies":[{"name":"wp","href":"https:\/\/api.w.org\/{rel}","templated":true}]}}