{"id":1848,"date":"2024-10-19T08:07:47","date_gmt":"2024-10-19T08:07:47","guid":{"rendered":"http:\/\/kroever-berg.com\/?page_id=1848"},"modified":"2026-03-30T14:52:04","modified_gmt":"2026-03-30T14:52:04","slug":"faciliteiten","status":"publish","type":"page","link":"https:\/\/kroever-berg.com\/nl\/camping\/faciliteiten\/","title":{"rendered":"Faciliteiten"},"content":{"rendered":"\n<h1 class=\"wp-block-heading\">Faciliteiten op camping Kr\u00f6ver Berg<\/h1>\n\n\n\n<p>Op camping Kr\u00f6ver Berg geniet je van rust, ruimte en recreatie. Onze faciliteiten zijn kleinschalig, verzorgd en gericht op ontspannen vakantieplezier voor jong en oud. Van modern sanitair tot sfeervolle horeca en speelmogelijkheden voor kinderen: alles is aanwezig voor een ontspannen verblijf.<\/p>\n\n\n\n<h2 class=\"wp-block-heading\">Voorzieningen voor een zorgeloos verblijf<\/h2>\n\n\n\n<p>Hieronder vind je een overzicht van de faciliteiten op camping Kr\u00f6ver Berg. Onze gemoedelijke camping is overzichtelijk ingericht en gericht op comfort, ontspanning en gebruiksgemak tijdens je verblijf.<\/p>\n\n\n\n<div class=\"wp-block-columns is-layout-flex wp-container-core-columns-is-layout-9d6595d7 wp-block-columns-is-layout-flex\">\n<div class=\"wp-block-column is-layout-flow wp-block-column-is-layout-flow\">\n<p><strong>Comfort &amp; gemak<\/strong><\/p>\n\n\n\n<ul class=\"wp-block-list\">\n<li>\ud83d\udebf Modern sanitair<\/li>\n\n\n\n<li>\ud83e\uddfa Wasserette<\/li>\n\n\n\n<li>\ud83d\udcf6 Gratis wifi-point<\/li>\n\n\n\n<li>\ud83e\udd50 Broodjesservice<\/li>\n\n\n\n<li>\ud83d\udece\ufe0f Receptie<\/li>\n<\/ul>\n<\/div>\n\n\n\n<div class=\"wp-block-column is-layout-flow wp-block-column-is-layout-flow\">\n<p><strong>Eten, drinken &amp; ontmoeten<\/strong><\/p>\n\n\n\n<ul class=\"wp-block-list\">\n<li>\ud83c\udf7d\ufe0f Restaurant<\/li>\n\n\n\n<li>\ud83c\udf77 Lokale Moezelwijnen<\/li>\n\n\n\n<li>\ud83c\udf7a Bar &amp; terras<\/li>\n\n\n\n<li>\ud83d\udd25 Kampvuurplaats<\/li>\n\n\n\n<li>\ud83d\udc65 Recreatiezaal<\/li>\n<\/ul>\n<\/div>\n\n\n\n<div class=\"wp-block-column is-layout-flow wp-block-column-is-layout-flow\">\n<p><strong>Spelen &amp; ontspannen<\/strong><\/p>\n\n\n\n<ul class=\"wp-block-list\">\n<li>\ud83d\udedd Speeltuin<\/li>\n\n\n\n<li>\ud83d\udca6 Waterkeuken<\/li>\n\n\n\n<li>\ud83e\udd38 Airtrampoline<\/li>\n\n\n\n<li>\u26bd Sportterrein<\/li>\n\n\n\n<li>\ud83c\udfab Mollie G\u00e4steCard<\/li>\n<\/ul>\n<\/div>\n<\/div>\n\n\n\n<h2 class=\"wp-block-heading\">Geniet van modern sanitair &amp; extra comfort<\/h2>\n\n\n\n<p>Camping Kr\u00f6ver Berg beschikt over een modern en verwarmd sanitairgebouw, dat in 2025 volledig is gerenoveerd. Het sanitair wordt dagelijks zorgvuldig onderhouden en is ruim opgezet, zodat je comfortabel gebruikmaakt van douches, toiletten en wastafels. De luxe regendouches zorgen voor extra comfort. Daarnaast is er een aangepaste sanitaire ruimte voor mindervalide gasten. In het sanitairgebouw vind je ook een wasserette met wasmachines en drogers.<\/p>\n\n\n<section class=\"gallery-section\"><div class=\"gallery grid-layout\"><figure class=\"gallery-item\"><div class=\"gallery-icon\"><a href=\"https:\/\/kroever-berg.com\/wp-content\/uploads\/2025\/12\/Camping-Krover-Berg-Mosel-31-scaled.jpg\" data-fancybox=\"gallery\"><img src=\"https:\/\/kroever-berg.com\/wp-content\/uploads\/2025\/12\/Camping-Krover-Berg-Mosel-31-750x422.jpg\" class=\"attachment-medium size-medium\" alt=\"\" decoding=\"async\" fetchpriority=\"high\"><\/a><\/div><\/figure><figure class=\"gallery-item\"><div class=\"gallery-icon\"><a href=\"https:\/\/kroever-berg.com\/wp-content\/uploads\/2025\/12\/Camping-Krover-Berg-Mosel-32-scaled.jpg\" data-fancybox=\"gallery\"><img src=\"https:\/\/kroever-berg.com\/wp-content\/uploads\/2025\/12\/Camping-Krover-Berg-Mosel-32-750x563.jpg\" class=\"attachment-medium size-medium\" alt=\"\" decoding=\"async\" fetchpriority=\"high\"><\/a><\/div><\/figure><figure class=\"gallery-item\"><div class=\"gallery-icon\"><a href=\"https:\/\/kroever-berg.com\/wp-content\/uploads\/2025\/12\/Camping-Krover-Berg-Mosel-34-scaled.jpg\" data-fancybox=\"gallery\"><img src=\"https:\/\/kroever-berg.com\/wp-content\/uploads\/2025\/12\/Camping-Krover-Berg-Mosel-34-750x350.jpg\" class=\"attachment-medium size-medium\" alt=\"\" decoding=\"async\" fetchpriority=\"high\"><\/a><\/div><\/figure><figure class=\"gallery-item\"><div class=\"gallery-icon\"><a href=\"https:\/\/kroever-berg.com\/wp-content\/uploads\/2025\/12\/Camping-Krover-Berg-Mosel-35-scaled.jpg\" data-fancybox=\"gallery\"><img src=\"https:\/\/kroever-berg.com\/wp-content\/uploads\/2025\/12\/Camping-Krover-Berg-Mosel-35-750x500.jpg\" class=\"attachment-medium size-medium\" alt=\"\" decoding=\"async\" fetchpriority=\"high\"><\/a><\/div><\/figure><\/div><\/section>\n\n\n\n<h2 class=\"wp-block-heading\"><br>Geniet van culinaire verwennerij en gezellige horeca<\/h2>\n\n\n\n<p>Maak je vakantie compleet met een bezoek aan ons restaurant met bar en terras. Hier geniet je van een eenvoudige snack tot een sfeervol diner voor een aantrekkelijke prijs, bereid met verse ingredi\u00ebnten. De huisgemaakte schnitzels zijn bij veel gasten favoriet en worden met zorg bereid door onze eigen kok. Voor een ijsje, verfrissend drankje, een goed glas lokale Moezelwijn of een Bitburger biertje ben je welkom bij onze bar en op het terras.<\/p>\n\n\n<section class=\"gallery-section\"><div class=\"gallery grid-layout\"><figure class=\"gallery-item\"><div class=\"gallery-icon\"><a href=\"https:\/\/kroever-berg.com\/wp-content\/uploads\/2025\/12\/Camping-Krover-Berg-Mosel-25-scaled.jpg\" data-fancybox=\"gallery\"><img src=\"https:\/\/kroever-berg.com\/wp-content\/uploads\/2025\/12\/Camping-Krover-Berg-Mosel-25-750x500.jpg\" class=\"attachment-medium size-medium\" alt=\"\" decoding=\"async\" fetchpriority=\"high\"><\/a><\/div><\/figure><figure class=\"gallery-item\"><div class=\"gallery-icon\"><a href=\"https:\/\/kroever-berg.com\/wp-content\/uploads\/2025\/12\/Camping-Krover-Berg-Mosel-27-scaled.jpg\" data-fancybox=\"gallery\"><img src=\"https:\/\/kroever-berg.com\/wp-content\/uploads\/2025\/12\/Camping-Krover-Berg-Mosel-27-750x563.jpg\" class=\"attachment-medium size-medium\" alt=\"\" decoding=\"async\" fetchpriority=\"high\"><\/a><\/div><\/figure><figure class=\"gallery-item\"><div class=\"gallery-icon\"><a href=\"https:\/\/kroever-berg.com\/wp-content\/uploads\/2025\/12\/Camping-Krover-Berg-Mosel-29-scaled.jpg\" data-fancybox=\"gallery\"><img src=\"https:\/\/kroever-berg.com\/wp-content\/uploads\/2025\/12\/Camping-Krover-Berg-Mosel-29-750x500.jpg\" class=\"attachment-medium size-medium\" alt=\"\" decoding=\"async\" fetchpriority=\"high\"><\/a><\/div><\/figure><figure class=\"gallery-item\"><div class=\"gallery-icon\"><a href=\"https:\/\/kroever-berg.com\/wp-content\/uploads\/2025\/12\/Camping-Krover-Berg-Mosel-30-scaled.jpg\" data-fancybox=\"gallery\"><img src=\"https:\/\/kroever-berg.com\/wp-content\/uploads\/2025\/12\/Camping-Krover-Berg-Mosel-30-750x500.jpg\" class=\"attachment-medium size-medium\" alt=\"\" decoding=\"async\" fetchpriority=\"high\"><\/a><\/div><\/figure><\/div><\/section>\n\n\n\n<h2 class=\"wp-block-heading\"><br>Ontdek ons veelzijdige recreatieaanbod voor jong en oud<\/h2>\n\n\n\n<p>Op camping Kr\u00f6ver Berg is volop ruimte voor ontspanning \u00e9n beweging. Kinderen kunnen vrij spelen, springen en ontdekken, terwijl volwassenen kunnen ontspannen op onze rustige en groene camping. Uiteraard kunnen ze zij ook zelf een balletje trappen of meedoen aan een potje volleybal.<\/p>\n\n\n\n<ul class=\"wp-block-list\">\n<li><strong>Speeltuin met duurzame houten speeltoestellen<\/strong> &#8211; Natuurlijke vormen die passen in de omgeving en uitnodigen tot vrij en creatief spelen.<\/li>\n\n\n\n<li><strong>Waterkeuken voor eindeloos speelplezier<\/strong> &#8211; Zelf water tappen en zandkastelen bouwen: leuk, leerzaam en populair bij jongere kinderen.<\/li>\n\n\n\n<li><strong>Grote airtrampoline<\/strong> &#8211; Voor actief en veilig springplezier waar kinderen hun energie kwijt kunnen.<\/li>\n\n\n\n<li><strong>Ruim sportterrein<\/strong> &#8211; Geschikt voor voetbal, volleybal en andere balspellen voor kinderen \u00e9n volwassenen.<\/li>\n\n\n\n<li><strong>Recreatiezaal<\/strong> &#8211; Een fijne plek voor gezamenlijke activiteiten of om gezellig te chillen<\/li>\n<\/ul>\n\n\n<section class=\"gallery-section\"><div class=\"gallery grid-layout\"><figure class=\"gallery-item\"><div class=\"gallery-icon\"><a href=\"https:\/\/kroever-berg.com\/wp-content\/uploads\/2025\/12\/Camping-Krover-Berg-Mosel-22-scaled.jpg\" data-fancybox=\"gallery\"><img src=\"https:\/\/kroever-berg.com\/wp-content\/uploads\/2025\/12\/Camping-Krover-Berg-Mosel-22-750x500.jpg\" class=\"attachment-medium size-medium\" alt=\"\" decoding=\"async\" fetchpriority=\"high\"><\/a><\/div><\/figure><figure class=\"gallery-item\"><div class=\"gallery-icon\"><a href=\"https:\/\/kroever-berg.com\/wp-content\/uploads\/2025\/12\/Camping-Krover-Berg-Mosel-23-scaled.jpg\" data-fancybox=\"gallery\"><img src=\"https:\/\/kroever-berg.com\/wp-content\/uploads\/2025\/12\/Camping-Krover-Berg-Mosel-23-750x500.jpg\" class=\"attachment-medium size-medium\" alt=\"\" decoding=\"async\" fetchpriority=\"high\"><\/a><\/div><\/figure><figure class=\"gallery-item\"><div class=\"gallery-icon\"><a href=\"https:\/\/kroever-berg.com\/wp-content\/uploads\/2025\/12\/Camping-Krover-Berg-Mosel-24-scaled.jpg\" data-fancybox=\"gallery\"><img src=\"https:\/\/kroever-berg.com\/wp-content\/uploads\/2025\/12\/Camping-Krover-Berg-Mosel-24-750x500.jpg\" class=\"attachment-medium size-medium\" alt=\"\" decoding=\"async\" fetchpriority=\"high\"><\/a><\/div><\/figure><figure class=\"gallery-item\"><div class=\"gallery-icon\"><a href=\"https:\/\/kroever-berg.com\/wp-content\/uploads\/2026\/01\/Moselcamping-Krover-Berg-scaled.jpg\" data-fancybox=\"gallery\"><img src=\"https:\/\/kroever-berg.com\/wp-content\/uploads\/2026\/01\/Moselcamping-Krover-Berg-750x422.jpg\" class=\"attachment-medium size-medium\" alt=\"NL\" decoding=\"async\" fetchpriority=\"high\"><\/a><\/div><\/figure><\/div><\/section>\n\n\n<div style=\"margin-top: px\" class=\"tz-omenom-container image-left color-kleur1 geenlijn\"><div class=\"container\"><div class=\"col6 omenom-image\"><img loading=\"lazy\" decoding=\"async\" width=\"750\" height=\"500\" src=\"https:\/\/kroever-berg.com\/wp-content\/uploads\/2025\/12\/Camping-Krover-Berg-Mosel-08-750x500.jpg\" class=\"attachment-medium size-medium\" alt=\"\" srcset=\"https:\/\/kroever-berg.com\/wp-content\/uploads\/2025\/12\/Camping-Krover-Berg-Mosel-08-750x500.jpg 750w, https:\/\/kroever-berg.com\/wp-content\/uploads\/2025\/12\/Camping-Krover-Berg-Mosel-08-1600x1067.jpg 1600w, https:\/\/kroever-berg.com\/wp-content\/uploads\/2025\/12\/Camping-Krover-Berg-Mosel-08-768x512.jpg 768w, https:\/\/kroever-berg.com\/wp-content\/uploads\/2025\/12\/Camping-Krover-Berg-Mosel-08-1536x1024.jpg 1536w, https:\/\/kroever-berg.com\/wp-content\/uploads\/2025\/12\/Camping-Krover-Berg-Mosel-08-2048x1365.jpg 2048w\" sizes=\"auto, (max-width: 750px) 100vw, 750px\" \/><\/div><div class=\"col4 omenom-content\"><div class=\"omenom-content-inner\"><div class=\"omenom-editor\"><h2>Ontdek alles over camping Kr\u00f6ver Berg<\/h2>\n<p>Camping Kr\u00f6ver Berg biedt alle faciliteiten voor een ontspannen en onbezorgde vakantie aan de Moezel. Of je nu komt voor rust, natuur, lekker eten of actief buiten zijn: op de camping vind je alles wat je nodig hebt voor een prettig verblijf.<\/p>\n<p><strong>\u2192 <a href=\"https:\/\/kroever-berg.com\/nl\/camping\/sfeerimpressie\/\">Bekijk sfeerimpressie camping<\/a><\/strong><br \/>\n<strong>\u2192 <a href=\"https:\/\/kroever-berg.com\/nl\/camping\/plattegrond\/\">Bekijk plattegrond camping<\/a><\/strong><br \/>\n<strong>\u2192 <a href=\"https:\/\/kroever-berg.com\/nl\/camping\/over-ons\/\">Meer over camping Kr\u00f6ver Berg<\/a><\/strong><br \/>\n<strong>\u2192 <a href=\"https:\/\/kroever-berg.com\/nl\/camping\/groepen\/\">Met een groep naar de Moezel? Bekijk de mogelijkheden<\/a><\/strong><br \/>\n<strong>\u2192 <a href=\"https:\/\/kroever-berg.com\/nl\/omgeving\/mollie-gaestecard\/\">Ontdek de voordelen van de Mollie G\u00e4stecard<\/a><\/strong><\/p>\n<\/div><\/div><\/div><\/div><\/div>\n\n<style type=\"text\/css\">\n    .omgeving-height {\n        height: 70vh;\n    }\n    @media (max-width: 767px) {\n        .omgeving-height {\n            height: 50vh;\n        }\n    }\n<\/style><section class=\"omgeving omgeving-full-width\">\n        <div class=\"omgeving-inner omgeving-height\" style=\"background-image: url(https:\/\/kroever-berg.com\/wp-content\/uploads\/2025\/12\/Camping-Krover-Berg-Moezel-uitzicht-1-1600x1059.jpg);\"><div class=\"omgeving-text-outer\"><div class=\"omgeving-text\">\n                <div class=\"text\"><h2 data-start=\"344\" data-end=\"397\">Ontdek onze staanplaatsen en accommodaties<\/h2>\n<p data-start=\"398\" data-end=\"633\">Of je nu houdt van traditioneel kamperen of liever kiest voor extra comfort: op camping Kr\u00f6ver Berg vind je een verblijf dat past bij jouw vakantie aan de Moezel. Kies je eigen tempo, je eigen plek en geniet van rust, natuur en ruimte.<\/p>\n<p data-start=\"398\" data-end=\"633\">\u2192<strong><a href=\"https:\/\/kroever-berg.com\/nl\/kamperen\/\">Bekijk alle kampeerplaatsen<\/a><\/strong><br \/>\n<strong>\u2192 <a href=\"https:\/\/kroever-berg.com\/nl\/accommodaties\/\">Ontdek onze accommodaties<\/a><\/strong><\/p>\n<\/div><a href=\"https:\/\/kroever-berg.com\/nl\/zoek-en-boek\/\" class=\"btn\">Boek je verblijf<\/a><\/div><\/div><\/div><\/section>","protected":false},"excerpt":{"rendered":"<p>Faciliteiten op camping Kr\u00f6ver Berg Op camping Kr\u00f6ver Berg geniet je van rust, ruimte en recreatie. Onze faciliteiten zijn kleinschalig, verzorgd en gericht op ontspannen vakantieplezier voor jong en oud. Van modern sanitair tot sfeervolle horeca en speelmogelijkheden voor kinderen: alles is aanwezig voor een ontspannen verblijf. Voorzieningen voor een zorgeloos verblijf Hieronder vind je [&hellip;]<\/p>\n","protected":false},"author":1,"featured_media":3143,"parent":2872,"menu_order":0,"comment_status":"closed","ping_status":"closed","template":"","meta":{"_acf_changed":false,"footnotes":""},"class_list":["post-1848","page","type-page","status-publish","has-post-thumbnail","hentry"],"acf":[],"yoast_head":"<!-- This site is optimized with the Yoast SEO plugin v27.4 - https:\/\/yoast.com\/product\/yoast-seo-wordpress\/ -->\n<title>Faciliteiten camping Kr\u00f6ver Berg | Moselcamping Kr\u00f6ver Berg<\/title>\n<meta name=\"description\" content=\"Bekijk alle faciliteiten van camping Kr\u00f6ver Berg: modern sanitair, restaurant, speeltuin, sportveld en meer voor een ontspannen verblijf.\" \/>\n<meta name=\"robots\" content=\"index, follow, max-snippet:-1, max-image-preview:large, max-video-preview:-1\" \/>\n<link rel=\"canonical\" href=\"https:\/\/kroever-berg.com\/nl\/camping\/faciliteiten\/\" \/>\n<meta property=\"og:locale\" content=\"nl_NL\" \/>\n<meta property=\"og:type\" content=\"article\" \/>\n<meta property=\"og:title\" content=\"Faciliteiten camping Kr\u00f6ver Berg | Moselcamping Kr\u00f6ver Berg\" \/>\n<meta property=\"og:description\" content=\"Bekijk alle faciliteiten van camping Kr\u00f6ver Berg: modern sanitair, restaurant, speeltuin, sportveld en meer voor een ontspannen verblijf.\" \/>\n<meta property=\"og:url\" content=\"https:\/\/kroever-berg.com\/nl\/camping\/faciliteiten\/\" \/>\n<meta property=\"og:site_name\" content=\"Moselcamping Kr\u00f6ver Berg\" \/>\n<meta property=\"article:publisher\" content=\"https:\/\/www.facebook.com\/groups\/777740929550045\/\" \/>\n<meta property=\"article:modified_time\" content=\"2026-03-30T14:52:04+00:00\" \/>\n<meta property=\"og:image\" content=\"http:\/\/kroever-berg.com\/wp-content\/uploads\/2025\/12\/Camping-Krover-Berg-Mosel-25-scaled.jpg\" \/>\n\t<meta property=\"og:image:width\" content=\"2560\" \/>\n\t<meta property=\"og:image:height\" content=\"1707\" \/>\n\t<meta property=\"og:image:type\" content=\"image\/jpeg\" \/>\n<meta name=\"twitter:card\" content=\"summary_large_image\" \/>\n<meta name=\"twitter:label1\" content=\"Geschatte leestijd\" \/>\n\t<meta name=\"twitter:data1\" content=\"3 minuten\" \/>\n<script type=\"application\/ld+json\" class=\"yoast-schema-graph\">{\"@context\":\"https:\\\/\\\/schema.org\",\"@graph\":[{\"@type\":\"WebPage\",\"@id\":\"https:\\\/\\\/kroever-berg.com\\\/nl\\\/camping\\\/faciliteiten\\\/\",\"url\":\"https:\\\/\\\/kroever-berg.com\\\/nl\\\/camping\\\/faciliteiten\\\/\",\"name\":\"Faciliteiten camping Kr\u00f6ver Berg | Moselcamping Kr\u00f6ver Berg\",\"isPartOf\":{\"@id\":\"https:\\\/\\\/kroever-berg.com\\\/nl\\\/#website\"},\"primaryImageOfPage\":{\"@id\":\"https:\\\/\\\/kroever-berg.com\\\/nl\\\/camping\\\/faciliteiten\\\/#primaryimage\"},\"image\":{\"@id\":\"https:\\\/\\\/kroever-berg.com\\\/nl\\\/camping\\\/faciliteiten\\\/#primaryimage\"},\"thumbnailUrl\":\"https:\\\/\\\/kroever-berg.com\\\/wp-content\\\/uploads\\\/2025\\\/12\\\/Camping-Krover-Berg-Mosel-25-scaled.jpg\",\"datePublished\":\"2024-10-19T08:07:47+00:00\",\"dateModified\":\"2026-03-30T14:52:04+00:00\",\"description\":\"Bekijk alle faciliteiten van camping Kr\u00f6ver Berg: modern sanitair, restaurant, speeltuin, sportveld en meer voor een ontspannen verblijf.\",\"breadcrumb\":{\"@id\":\"https:\\\/\\\/kroever-berg.com\\\/nl\\\/camping\\\/faciliteiten\\\/#breadcrumb\"},\"inLanguage\":\"nl-NL\",\"potentialAction\":[{\"@type\":\"ReadAction\",\"target\":[\"https:\\\/\\\/kroever-berg.com\\\/nl\\\/camping\\\/faciliteiten\\\/\"]}]},{\"@type\":\"ImageObject\",\"inLanguage\":\"nl-NL\",\"@id\":\"https:\\\/\\\/kroever-berg.com\\\/nl\\\/camping\\\/faciliteiten\\\/#primaryimage\",\"url\":\"https:\\\/\\\/kroever-berg.com\\\/wp-content\\\/uploads\\\/2025\\\/12\\\/Camping-Krover-Berg-Mosel-25-scaled.jpg\",\"contentUrl\":\"https:\\\/\\\/kroever-berg.com\\\/wp-content\\\/uploads\\\/2025\\\/12\\\/Camping-Krover-Berg-Mosel-25-scaled.jpg\",\"width\":2560,\"height\":1707},{\"@type\":\"BreadcrumbList\",\"@id\":\"https:\\\/\\\/kroever-berg.com\\\/nl\\\/camping\\\/faciliteiten\\\/#breadcrumb\",\"itemListElement\":[{\"@type\":\"ListItem\",\"position\":1,\"name\":\"Home\",\"item\":\"https:\\\/\\\/kroever-berg.com\\\/nl\\\/\"},{\"@type\":\"ListItem\",\"position\":2,\"name\":\"Camping\",\"item\":\"https:\\\/\\\/kroever-berg.com\\\/nl\\\/camping\\\/\"},{\"@type\":\"ListItem\",\"position\":3,\"name\":\"Faciliteiten\"}]},{\"@type\":\"WebSite\",\"@id\":\"https:\\\/\\\/kroever-berg.com\\\/nl\\\/#website\",\"url\":\"https:\\\/\\\/kroever-berg.com\\\/nl\\\/\",\"name\":\"Moselcamping Kr\u00f6ver Berg\",\"description\":\"Moselcamping Kr\u00f6ver Berg\",\"publisher\":{\"@id\":\"https:\\\/\\\/kroever-berg.com\\\/nl\\\/#organization\"},\"potentialAction\":[{\"@type\":\"SearchAction\",\"target\":{\"@type\":\"EntryPoint\",\"urlTemplate\":\"https:\\\/\\\/kroever-berg.com\\\/nl\\\/?s={search_term_string}\"},\"query-input\":{\"@type\":\"PropertyValueSpecification\",\"valueRequired\":true,\"valueName\":\"search_term_string\"}}],\"inLanguage\":\"nl-NL\"},{\"@type\":\"Organization\",\"@id\":\"https:\\\/\\\/kroever-berg.com\\\/nl\\\/#organization\",\"name\":\"Moselcamping Kr\u00f6ver Berg\",\"url\":\"https:\\\/\\\/kroever-berg.com\\\/nl\\\/\",\"logo\":{\"@type\":\"ImageObject\",\"inLanguage\":\"nl-NL\",\"@id\":\"https:\\\/\\\/kroever-berg.com\\\/nl\\\/#\\\/schema\\\/logo\\\/image\\\/\",\"url\":\"https:\\\/\\\/kroever-berg.com\\\/wp-content\\\/uploads\\\/2025\\\/06\\\/cropped-beeldmerk.png\",\"contentUrl\":\"https:\\\/\\\/kroever-berg.com\\\/wp-content\\\/uploads\\\/2025\\\/06\\\/cropped-beeldmerk.png\",\"width\":512,\"height\":512,\"caption\":\"Moselcamping Kr\u00f6ver Berg\"},\"image\":{\"@id\":\"https:\\\/\\\/kroever-berg.com\\\/nl\\\/#\\\/schema\\\/logo\\\/image\\\/\"},\"sameAs\":[\"https:\\\/\\\/www.facebook.com\\\/groups\\\/777740929550045\\\/\"]}]}<\/script>\n<!-- \/ Yoast SEO plugin. -->","yoast_head_json":{"title":"Faciliteiten camping Kr\u00f6ver Berg | Moselcamping Kr\u00f6ver Berg","description":"Bekijk alle faciliteiten van camping Kr\u00f6ver Berg: modern sanitair, restaurant, speeltuin, sportveld en meer voor een ontspannen verblijf.","robots":{"index":"index","follow":"follow","max-snippet":"max-snippet:-1","max-image-preview":"max-image-preview:large","max-video-preview":"max-video-preview:-1"},"canonical":"https:\/\/kroever-berg.com\/nl\/camping\/faciliteiten\/","og_locale":"nl_NL","og_type":"article","og_title":"Faciliteiten camping Kr\u00f6ver Berg | Moselcamping Kr\u00f6ver Berg","og_description":"Bekijk alle faciliteiten van camping Kr\u00f6ver Berg: modern sanitair, restaurant, speeltuin, sportveld en meer voor een ontspannen verblijf.","og_url":"https:\/\/kroever-berg.com\/nl\/camping\/faciliteiten\/","og_site_name":"Moselcamping Kr\u00f6ver Berg","article_publisher":"https:\/\/www.facebook.com\/groups\/777740929550045\/","article_modified_time":"2026-03-30T14:52:04+00:00","og_image":[{"width":2560,"height":1707,"url":"http:\/\/kroever-berg.com\/wp-content\/uploads\/2025\/12\/Camping-Krover-Berg-Mosel-25-scaled.jpg","type":"image\/jpeg"}],"twitter_card":"summary_large_image","twitter_misc":{"Geschatte leestijd":"3 minuten"},"schema":{"@context":"https:\/\/schema.org","@graph":[{"@type":"WebPage","@id":"https:\/\/kroever-berg.com\/nl\/camping\/faciliteiten\/","url":"https:\/\/kroever-berg.com\/nl\/camping\/faciliteiten\/","name":"Faciliteiten camping Kr\u00f6ver Berg | Moselcamping Kr\u00f6ver Berg","isPartOf":{"@id":"https:\/\/kroever-berg.com\/nl\/#website"},"primaryImageOfPage":{"@id":"https:\/\/kroever-berg.com\/nl\/camping\/faciliteiten\/#primaryimage"},"image":{"@id":"https:\/\/kroever-berg.com\/nl\/camping\/faciliteiten\/#primaryimage"},"thumbnailUrl":"https:\/\/kroever-berg.com\/wp-content\/uploads\/2025\/12\/Camping-Krover-Berg-Mosel-25-scaled.jpg","datePublished":"2024-10-19T08:07:47+00:00","dateModified":"2026-03-30T14:52:04+00:00","description":"Bekijk alle faciliteiten van camping Kr\u00f6ver Berg: modern sanitair, restaurant, speeltuin, sportveld en meer voor een ontspannen verblijf.","breadcrumb":{"@id":"https:\/\/kroever-berg.com\/nl\/camping\/faciliteiten\/#breadcrumb"},"inLanguage":"nl-NL","potentialAction":[{"@type":"ReadAction","target":["https:\/\/kroever-berg.com\/nl\/camping\/faciliteiten\/"]}]},{"@type":"ImageObject","inLanguage":"nl-NL","@id":"https:\/\/kroever-berg.com\/nl\/camping\/faciliteiten\/#primaryimage","url":"https:\/\/kroever-berg.com\/wp-content\/uploads\/2025\/12\/Camping-Krover-Berg-Mosel-25-scaled.jpg","contentUrl":"https:\/\/kroever-berg.com\/wp-content\/uploads\/2025\/12\/Camping-Krover-Berg-Mosel-25-scaled.jpg","width":2560,"height":1707},{"@type":"BreadcrumbList","@id":"https:\/\/kroever-berg.com\/nl\/camping\/faciliteiten\/#breadcrumb","itemListElement":[{"@type":"ListItem","position":1,"name":"Home","item":"https:\/\/kroever-berg.com\/nl\/"},{"@type":"ListItem","position":2,"name":"Camping","item":"https:\/\/kroever-berg.com\/nl\/camping\/"},{"@type":"ListItem","position":3,"name":"Faciliteiten"}]},{"@type":"WebSite","@id":"https:\/\/kroever-berg.com\/nl\/#website","url":"https:\/\/kroever-berg.com\/nl\/","name":"Moselcamping Kr\u00f6ver Berg","description":"Moselcamping Kr\u00f6ver Berg","publisher":{"@id":"https:\/\/kroever-berg.com\/nl\/#organization"},"potentialAction":[{"@type":"SearchAction","target":{"@type":"EntryPoint","urlTemplate":"https:\/\/kroever-berg.com\/nl\/?s={search_term_string}"},"query-input":{"@type":"PropertyValueSpecification","valueRequired":true,"valueName":"search_term_string"}}],"inLanguage":"nl-NL"},{"@type":"Organization","@id":"https:\/\/kroever-berg.com\/nl\/#organization","name":"Moselcamping Kr\u00f6ver Berg","url":"https:\/\/kroever-berg.com\/nl\/","logo":{"@type":"ImageObject","inLanguage":"nl-NL","@id":"https:\/\/kroever-berg.com\/nl\/#\/schema\/logo\/image\/","url":"https:\/\/kroever-berg.com\/wp-content\/uploads\/2025\/06\/cropped-beeldmerk.png","contentUrl":"https:\/\/kroever-berg.com\/wp-content\/uploads\/2025\/06\/cropped-beeldmerk.png","width":512,"height":512,"caption":"Moselcamping Kr\u00f6ver Berg"},"image":{"@id":"https:\/\/kroever-berg.com\/nl\/#\/schema\/logo\/image\/"},"sameAs":["https:\/\/www.facebook.com\/groups\/777740929550045\/"]}]}},"_links":{"self":[{"href":"https:\/\/kroever-berg.com\/nl\/wp-json\/wp\/v2\/pages\/1848","targetHints":{"allow":["GET"]}}],"collection":[{"href":"https:\/\/kroever-berg.com\/nl\/wp-json\/wp\/v2\/pages"}],"about":[{"href":"https:\/\/kroever-berg.com\/nl\/wp-json\/wp\/v2\/types\/page"}],"author":[{"embeddable":true,"href":"https:\/\/kroever-berg.com\/nl\/wp-json\/wp\/v2\/users\/1"}],"replies":[{"embeddable":true,"href":"https:\/\/kroever-berg.com\/nl\/wp-json\/wp\/v2\/comments?post=1848"}],"version-history":[{"count":90,"href":"https:\/\/kroever-berg.com\/nl\/wp-json\/wp\/v2\/pages\/1848\/revisions"}],"predecessor-version":[{"id":5673,"href":"https:\/\/kroever-berg.com\/nl\/wp-json\/wp\/v2\/pages\/1848\/revisions\/5673"}],"up":[{"embeddable":true,"href":"https:\/\/kroever-berg.com\/nl\/wp-json\/wp\/v2\/pages\/2872"}],"wp:featuredmedia":[{"embeddable":true,"href":"https:\/\/kroever-berg.com\/nl\/wp-json\/wp\/v2\/media\/3143"}],"wp:attachment":[{"href":"https:\/\/kroever-berg.com\/nl\/wp-json\/wp\/v2\/media?parent=1848"}],"curies":[{"name":"wp","href":"https:\/\/api.w.org\/{rel}","templated":true}]}}